{"id":60,"date":"2025-06-04T05:21:54","date_gmt":"2025-06-04T05:21:54","guid":{"rendered":"https:\/\/server-82.de\/illing-schilling\/?page_id=60"},"modified":"2025-07-29T11:25:15","modified_gmt":"2025-07-29T11:25:15","slug":"qualitaet","status":"publish","type":"page","link":"https:\/\/illing-schilling.de\/index.php\/qualitaet\/","title":{"rendered":"Qualit\u00e4t"},"content":{"rendered":"<div id='layer_slider_1'  class='avia-layerslider main_color avia-shadow  avia-builder-el-0  el_before_av_section  avia-builder-el-first  container_wrap sidebar_right'  style='height: 721px;'  ><\/div>\n<div id='av_section_1'  class='avia-section av-1xz10-8b8d5aab7a83e3e2701eec155a139497 main_color avia-section-default avia-no-border-styling  avia-builder-el-1  el_after_av_layerslider  avia-builder-el-last  avia-bg-style-scroll container_wrap sidebar_right'  ><div class='container av-section-cont-open' ><div class='template-page content  av-content-small alpha units'><div class='post-entry post-entry-type-page post-entry-60'><div class='entry-content-wrapper clearfix'>\n<div  class='flex_column av-1jrzs-685e342fb1ecaa7c5f1ed9efe0becb74 av_one_half  avia-builder-el-2  el_before_av_one_half  avia-builder-el-first  first flex_column_div  '     ><section  class='av_textblock_section av-mbhpxfp5-edc974ac3560e8324dfd937ff676d93c '   itemscope=\"itemscope\" itemtype=\"https:\/\/schema.org\/CreativeWork\" ><div class='avia_textblock'  itemprop=\"text\" ><h3 data-start=\"152\" data-end=\"174\"><strong data-start=\"152\" data-end=\"174\">QUALIT\u00c4TSSICHERUNG<\/strong><\/h3>\n<p data-start=\"176\" data-end=\"602\">Qualit\u00e4t ist f\u00fcr uns keine Option, sondern eine Verpflichtung, die jeder Mitarbeiter an seinem Arbeitsplatz t\u00e4glich lebt. Durch gegenseitiges Vertrauen, Eigenverantwortung und Engagement tr\u00e4gt jeder Einzelne dazu bei, unsere hohen Qualit\u00e4tsziele zu erreichen und dauerhaft zu sichern. Unsere Qualit\u00e4tssicherung umfasst alle Prozesse \u2013 von der sorgf\u00e4ltigen Auswahl unserer Lieferanten bis hin zur finalen Pr\u00fcfung der Produkte.<\/p>\n<p data-start=\"604\" data-end=\"899\">Wir arbeiten kontinuierlich daran, unser Qualit\u00e4tsmanagementsystem zu optimieren, um den steigenden Anforderungen und Erwartungen unserer Kunden gerecht zu werden. Dabei setzen wir auf modernste Pr\u00fcfverfahren und transparente Abl\u00e4ufe, die eine gleichbleibend hohe Produktqualit\u00e4t gew\u00e4hrleisten.<\/p>\n<p data-start=\"901\" data-end=\"1110\">Unser Ziel ist es, durch systematische Kontrollen und st\u00e4ndige Verbesserungen nicht nur Fehler zu vermeiden, sondern Prozesse effizienter und nachhaltiger zu gestalten \u2013 zum Vorteil unserer Kunden und Partner.<\/p>\n<\/div><\/section><br \/>\n\n<style type=\"text\/css\" data-created_by=\"avia_inline_auto\" id=\"style-css-av-mbhq4zfj-7a5f3dec007fe9673216e69460cb0410\">\n#top .hr.hr-invisible.av-mbhq4zfj-7a5f3dec007fe9673216e69460cb0410{\nheight:50px;\n}\n<\/style>\n<div  class='hr av-mbhq4zfj-7a5f3dec007fe9673216e69460cb0410 hr-invisible  avia-builder-el-4  el_after_av_textblock  el_before_av_button '><span class='hr-inner '><span class=\"hr-inner-style\"><\/span><\/span><\/div><br \/>\n<div  class='avia-button-wrap av-mbrqzft0-2673faac1af330ba203ec6dd3d2f6f2c-wrap avia-button-center  avia-builder-el-5  el_after_av_hr  el_before_av_button '><a href='https:\/\/illing-schilling.de\/wp-content\/uploads\/2025\/06\/Zertifikat_de.pdf'  class='avia-button av-mbrqzft0-2673faac1af330ba203ec6dd3d2f6f2c av-download-btn noLightbox avia-icon_select-yes-left-icon avia-size-small avia-position-center avia-color-theme-color' download  aria-label=\"ZERTIFIKAT DIN EN ISO 9001:2015 (deutsche Sprache)\"><span class='avia_button_icon avia_button_icon_left avia-svg-icon avia-font-svg_entypo-fontello' data-av_svg_icon='download' data-av_iconset='svg_entypo-fontello'><svg version=\"1.1\" xmlns=\"http:\/\/www.w3.org\/2000\/svg\" width=\"32\" height=\"32\" viewBox=\"0 0 32 32\" preserveAspectRatio=\"xMidYMid meet\" aria-labelledby='av-svg-title-1' aria-describedby='av-svg-desc-1' role=\"graphics-symbol\">\n<title id='av-svg-title-1'>Download<\/title>\n<desc id='av-svg-desc-1'>Download<\/desc>\n<path d=\"M30.976 20.864q0.576 0.32 0.864 1.024t0.096 1.28l-0.896 4.928q-0.128 0.64-0.704 1.056t-1.28 0.416h-26.112q-0.704 0-1.28-0.416t-0.704-1.056l-0.896-4.928q-0.32-1.536 1.024-2.304l5.056-3.456h3.136l-5.44 4.16h5.696q0.256 0 0.384 0.256l1.28 3.52h9.6l1.28-3.52q0.256-0.256 0.384-0.256h5.696l-5.44-4.16h3.136zM24.32 10.56l-8.32 7.808-8.32-7.808h5.312v-8.192h6.080v8.192h5.248z\"><\/path>\n<\/svg><\/span><span class='avia_iconbox_title' >ZERTIFIKAT DIN EN ISO 9001:2015 (deutsche Sprache)<\/span><\/a><\/div><br \/>\n<div  class='avia-button-wrap av-mbrqzw4y-5913cc1aa638b1e85ab336a65a028bb6-wrap avia-button-center  avia-builder-el-6  el_after_av_button  avia-builder-el-last '><a href='https:\/\/illing-schilling.de\/wp-content\/uploads\/2025\/06\/Zertifikat_en.pdf'  class='avia-button av-mbrqzw4y-5913cc1aa638b1e85ab336a65a028bb6 av-download-btn noLightbox avia-icon_select-yes-left-icon avia-size-small avia-position-center avia-color-theme-color' download  aria-label=\"CERTIFICATE DIN EN ISO 9001:2015 (English language)\"><span class='avia_button_icon avia_button_icon_left avia-svg-icon avia-font-svg_entypo-fontello' data-av_svg_icon='download' data-av_iconset='svg_entypo-fontello'><svg version=\"1.1\" xmlns=\"http:\/\/www.w3.org\/2000\/svg\" width=\"32\" height=\"32\" viewBox=\"0 0 32 32\" preserveAspectRatio=\"xMidYMid meet\" aria-labelledby='av-svg-title-2' aria-describedby='av-svg-desc-2' role=\"graphics-symbol\">\n<title id='av-svg-title-2'>Download<\/title>\n<desc id='av-svg-desc-2'>Download<\/desc>\n<path d=\"M30.976 20.864q0.576 0.32 0.864 1.024t0.096 1.28l-0.896 4.928q-0.128 0.64-0.704 1.056t-1.28 0.416h-26.112q-0.704 0-1.28-0.416t-0.704-1.056l-0.896-4.928q-0.32-1.536 1.024-2.304l5.056-3.456h3.136l-5.44 4.16h5.696q0.256 0 0.384 0.256l1.28 3.52h9.6l1.28-3.52q0.256-0.256 0.384-0.256h5.696l-5.44-4.16h3.136zM24.32 10.56l-8.32 7.808-8.32-7.808h5.312v-8.192h6.080v8.192h5.248z\"><\/path>\n<\/svg><\/span><span class='avia_iconbox_title' >CERTIFICATE DIN EN ISO 9001:2015 (English language)<\/span><\/a><\/div><\/p><\/div><div  class='flex_column av-11k1w-2d123cea60c3e7c079d13f7b5ce62c3f av_one_half  avia-builder-el-7  el_after_av_one_half  avia-builder-el-last  flex_column_div  '     ><style type=\"text\/css\" data-created_by=\"avia_inline_auto\" id=\"style-css-av-mbhpzs62-c84b7baa78c200711c578c72fc663cf8\">\n#top .avia-icon-list-container.av-mbhpzs62-c84b7baa78c200711c578c72fc663cf8 .iconlist_icon{\ncolor:#fffff;\nbackground-color:#1a1f4c;\n}\n#top .avia-icon-list-container.av-mbhpzs62-c84b7baa78c200711c578c72fc663cf8 .iconlist_icon svg:first-child{\nstroke:#fffff;\nfill:#fffff;\n}\n#top #wrap_all .avia-icon-list-container.av-mbhpzs62-c84b7baa78c200711c578c72fc663cf8 .av_iconlist_title{\ncolor:#1a1f4c;\n}\n.avia-icon-list-container.av-mbhpzs62-c84b7baa78c200711c578c72fc663cf8 .iconlist_content{\ncolor:#020202;\n}\n<\/style>\n<div  class='avia-icon-list-container av-mbhpzs62-c84b7baa78c200711c578c72fc663cf8  avia-builder-el-8  avia-builder-el-no-sibling '><ul class='avia-icon-list avia_animate_when_almost_visible avia-icon-list-left av-iconlist-big av-mbhpzs62-c84b7baa78c200711c578c72fc663cf8 avia-iconlist-animate'>\n<li><div class='iconlist_icon av-mbhpy25k-57a90e50dc4219f18abd2d8deb2564b2 avia-font-entypo-fontello avia-iconfont avia-font-entypo-fontello'><span class='av-icon-char' data-av_icon='\ue8b7' data-av_iconfont='entypo-fontello' aria-hidden=\"true\"><\/span><\/div><article class=\"article-icon-entry \"  itemscope=\"itemscope\" itemtype=\"https:\/\/schema.org\/CreativeWork\" ><div class=\"iconlist_content_wrap\"><header class=\"entry-content-header\" aria-label=\"Icon: Lieferantenauswahl und -bewertung\"><h4 class='av_iconlist_title iconlist_title  av_inherit_color'  itemprop=\"headline\" >Lieferantenauswahl und -bewertung<\/h4><\/header><div class='iconlist_content av_inherit_color'  itemprop=\"text\" ><p><br data-start=\"1187\" data-end=\"1190\" \/>Sorgf\u00e4ltige Pr\u00fcfung und kontinuierliche \u00dcberwachung unserer Lieferanten zur Sicherstellung hochwertiger Materialien und Komponenten.<\/p>\n<\/div><\/div><footer class=\"entry-footer\"><\/footer><\/article><div class=\"iconlist-timeline\"><\/div><\/li>\n<li><div class='iconlist_icon av-mbhq0gd4-8ab326471a2ea04c786006275486ee87 avia-font-entypo-fontello avia-iconfont avia-font-entypo-fontello'><span class='av-icon-char' data-av_icon='\ue858' data-av_iconfont='entypo-fontello' aria-hidden=\"true\"><\/span><\/div><article class=\"article-icon-entry \"  itemscope=\"itemscope\" itemtype=\"https:\/\/schema.org\/CreativeWork\" ><div class=\"iconlist_content_wrap\"><header class=\"entry-content-header\" aria-label=\"Icon: Prozesskontrollen und Pr\u00fcfverfahren\"><h4 class='av_iconlist_title iconlist_title  av_inherit_color'  itemprop=\"headline\" >Prozesskontrollen und Pr\u00fcfverfahren<\/h4><\/header><div class='iconlist_content av_inherit_color'  itemprop=\"text\" ><p>Einsatz modernster Messtechnik und standardisierter Pr\u00fcfprozesse zur Sicherung der Produktqualit\u00e4t w\u00e4hrend der Fertigung.<\/p>\n<\/div><\/div><footer class=\"entry-footer\"><\/footer><\/article><div class=\"iconlist-timeline\"><\/div><\/li>\n<li><div class='iconlist_icon av-mbhq0r43-01897441a9135c88e606a25087c40a7d avia-font-entypo-fontello avia-iconfont avia-font-entypo-fontello'><span class='av-icon-char' data-av_icon='\ue80b' data-av_iconfont='entypo-fontello' aria-hidden=\"true\"><\/span><\/div><article class=\"article-icon-entry \"  itemscope=\"itemscope\" itemtype=\"https:\/\/schema.org\/CreativeWork\" ><div class=\"iconlist_content_wrap\"><header class=\"entry-content-header\" aria-label=\"Icon: Mitarbeiterschulungen und Sensibilisierung\"><h4 class='av_iconlist_title iconlist_title  av_inherit_color'  itemprop=\"headline\" >Mitarbeiterschulungen und Sensibilisierung<\/h4><\/header><div class='iconlist_content av_inherit_color'  itemprop=\"text\" ><p>Regelm\u00e4\u00dfige Qualifizierungsma\u00dfnahmen zur F\u00f6rderung des Qualit\u00e4tsbewusstseins und der Fachkompetenz aller Mitarbeiter.<\/p>\n<\/div><\/div><footer class=\"entry-footer\"><\/footer><\/article><div class=\"iconlist-timeline\"><\/div><\/li>\n<li><div class='iconlist_icon av-mbhq1628-807af5fdee527bc4585a7b745520770e avia-font-entypo-fontello avia-iconfont avia-font-entypo-fontello'><span class='av-icon-char' data-av_icon='\ue8c7' data-av_iconfont='entypo-fontello' aria-hidden=\"true\"><\/span><\/div><article class=\"article-icon-entry \"  itemscope=\"itemscope\" itemtype=\"https:\/\/schema.org\/CreativeWork\" ><div class=\"iconlist_content_wrap\"><header class=\"entry-content-header\" aria-label=\"Icon: Kontinuierliche Verbesserung (KVP)\"><h4 class='av_iconlist_title iconlist_title  av_inherit_color'  itemprop=\"headline\" >Kontinuierliche Verbesserung (KVP)<\/h4><\/header><div class='iconlist_content av_inherit_color'  itemprop=\"text\" ><p>Systematische Analyse von Abl\u00e4ufen und Ergebnissen zur Optimierung von Prozessen und Produkten auf Basis von Kundenfeedback und internen Audits.<\/p>\n<\/div><\/div><footer class=\"entry-footer\"><\/footer><\/article><div class=\"iconlist-timeline\"><\/div><\/li>\n<\/ul><\/div><\/div>\n<\/div><\/div><\/div><!-- close content main div --><\/div><\/div><div id='after_section_1'  class='main_color av_default_container_wrap container_wrap sidebar_right'  ><div class='container av-section-cont-open' ><div class='template-page content  av-content-small alpha units'><div class='post-entry post-entry-type-page post-entry-60'><div class='entry-content-wrapper clearfix'>\n","protected":false},"excerpt":{"rendered":"","protected":false},"author":1,"featured_media":0,"parent":0,"menu_order":0,"comment_status":"closed","ping_status":"closed","template":"","meta":{"footnotes":""},"class_list":["post-60","page","type-page","status-publish","hentry"],"_links":{"self":[{"href":"https:\/\/illing-schilling.de\/index.php\/wp-json\/wp\/v2\/pages\/60","targetHints":{"allow":["GET"]}}],"collection":[{"href":"https:\/\/illing-schilling.de\/index.php\/wp-json\/wp\/v2\/pages"}],"about":[{"href":"https:\/\/illing-schilling.de\/index.php\/wp-json\/wp\/v2\/types\/page"}],"author":[{"embeddable":true,"href":"https:\/\/illing-schilling.de\/index.php\/wp-json\/wp\/v2\/users\/1"}],"replies":[{"embeddable":true,"href":"https:\/\/illing-schilling.de\/index.php\/wp-json\/wp\/v2\/comments?post=60"}],"version-history":[{"count":12,"href":"https:\/\/illing-schilling.de\/index.php\/wp-json\/wp\/v2\/pages\/60\/revisions"}],"predecessor-version":[{"id":324,"href":"https:\/\/illing-schilling.de\/index.php\/wp-json\/wp\/v2\/pages\/60\/revisions\/324"}],"wp:attachment":[{"href":"https:\/\/illing-schilling.de\/index.php\/wp-json\/wp\/v2\/media?parent=60"}],"curies":[{"name":"wp","href":"https:\/\/api.w.org\/{rel}","templated":true}]}}