{"id":212,"date":"2025-06-11T05:04:30","date_gmt":"2025-06-11T05:04:30","guid":{"rendered":"https:\/\/server-82.de\/illing-schilling\/?page_id=212"},"modified":"2025-06-11T07:10:04","modified_gmt":"2025-06-11T07:10:04","slug":"impressum","status":"publish","type":"page","link":"https:\/\/illing-schilling.de\/index.php\/impressum\/","title":{"rendered":"Impressum"},"content":{"rendered":"<section  class='av_textblock_section av-mbrhkbtr-b935ae21ee866786a1336854cb644e17 '   itemscope=\"itemscope\" itemtype=\"https:\/\/schema.org\/CreativeWork\" ><div class='avia_textblock'  itemprop=\"text\" ><h2>Impressum<\/h2>\n<\/div><\/section>\n<section  class='av_textblock_section av-mbrhju3w-ba6d537328defbd54a19023d687f794f '   itemscope=\"itemscope\" itemtype=\"https:\/\/schema.org\/CreativeWork\" ><div class='avia_textblock'  itemprop=\"text\" ><p><b>Gesetzliche Anbieterkennung:<\/b><\/p>\n<p><b>Illing &#038; Schilling GmbH<br \/>\nmetal &#038; systems<\/b><br \/>\nElterleiner Stra\u00dfe 15a<br \/>\n09481 Scheibenberg<\/p>\n<p>Tel.: +49 37349 14989-0<br \/>\nFax: +49 37349 14989-18<br \/>\nE-Mail: <a href=\"mailto:info@illing-schilling.de\">info@illing-schilling.de<\/a><\/p>\n<p><strong>vertreten durch:<\/strong><br \/>\nGesch\u00e4ftsf\u00fchrer: Maik Hudalla, Michael Bernhardt<\/p>\n<p><strong>Registereintrag:<\/strong><br \/>\nEintragung im Handelsregister.<br \/>\nRegistergericht:KG Chemnitz<br \/>\nRegisternummer: HRB 3424<\/p>\n<p><strong>Umsatzsteuer:<\/strong><br \/>\nUmsatzsteuer-Identifikationsnummer gem\u00e4\u00df \u00a727 a Umsatzsteuergesetz: DE-140977542<\/p>\n<p><strong>Rechtliche Hinweise zur Webseite<\/strong><\/p>\n<p>Alle Texte, Bilder und weiter hier ver\u00f6ffentlichten Informationen unterliegen dem Urheberrecht des Anbieters, soweit nicht Urheberrechte Dritter bestehen. In jedem Fall ist eine Vervielf\u00e4ltigung, Verbreitung oder \u00f6ffentliche Wiedergabe ausschlie\u00dflich im Falle einer widerruflichen und nicht \u00fcbertragbaren Zustimmung des Anbieters gestattet.<\/p>\n<p><strong>Layout, Design und Programmierung<\/strong><\/p>\n<p>BUR Werbeagentur GmbH<br \/>\nGabelsbergerstr. 4 <b>\u00b7<\/b> D-09456 Annaberg-Buchholz<br \/>\nInternet: <a href=\"http:\/\/www.bur-werbung.de\" target=\"_blank\" rel=\"noopener\">www.bur-werbung.de<\/a><\/p>\n<\/div><\/section>\n<\/div><\/div><\/div><!-- close content main div --><\/div><\/div>\n<style type=\"text\/css\" data-created_by=\"avia_inline_auto\" id=\"style-css-av-av_section-47f893d2bd4852eb1450105dbf612396\">\n.avia-section.av-av_section-47f893d2bd4852eb1450105dbf612396{\nbackground-repeat:no-repeat;\nbackground-image:url(https:\/\/illing-schilling.de\/wp-content\/uploads\/2025\/06\/Element-2-scaled.png);\nbackground-position:50% 50%;\nbackground-attachment:scroll;\nmargin-top:50px;\nmargin-bottom:0px;\n}\n<\/style>\n<div id='av_section_1'  class='avia-section av-av_section-47f893d2bd4852eb1450105dbf612396 main_color avia-section-default avia-no-border-styling  avia-builder-el-2  el_after_av_textblock  avia-builder-el-last  avia-bg-style-scroll container_wrap sidebar_right'  data-section-bg-repeat='no-repeat'><div class='container av-section-cont-open' ><div class='template-page content  av-content-small alpha units'><div class='post-entry post-entry-type-page post-entry-212'><div class='entry-content-wrapper clearfix'><\/div><\/div><\/div><!-- close content main div --><\/div><\/div><div id='after_section_1'  class='main_color av_default_container_wrap container_wrap sidebar_right'  ><div class='container av-section-cont-open' ><div class='template-page content  av-content-small alpha units'><div class='post-entry post-entry-type-page post-entry-212'><div class='entry-content-wrapper clearfix'>\n","protected":false},"excerpt":{"rendered":"","protected":false},"author":1,"featured_media":0,"parent":0,"menu_order":0,"comment_status":"closed","ping_status":"closed","template":"","meta":{"footnotes":""},"class_list":["post-212","page","type-page","status-publish","hentry"],"_links":{"self":[{"href":"https:\/\/illing-schilling.de\/index.php\/wp-json\/wp\/v2\/pages\/212","targetHints":{"allow":["GET"]}}],"collection":[{"href":"https:\/\/illing-schilling.de\/index.php\/wp-json\/wp\/v2\/pages"}],"about":[{"href":"https:\/\/illing-schilling.de\/index.php\/wp-json\/wp\/v2\/types\/page"}],"author":[{"embeddable":true,"href":"https:\/\/illing-schilling.de\/index.php\/wp-json\/wp\/v2\/users\/1"}],"replies":[{"embeddable":true,"href":"https:\/\/illing-schilling.de\/index.php\/wp-json\/wp\/v2\/comments?post=212"}],"version-history":[{"count":4,"href":"https:\/\/illing-schilling.de\/index.php\/wp-json\/wp\/v2\/pages\/212\/revisions"}],"predecessor-version":[{"id":251,"href":"https:\/\/illing-schilling.de\/index.php\/wp-json\/wp\/v2\/pages\/212\/revisions\/251"}],"wp:attachment":[{"href":"https:\/\/illing-schilling.de\/index.php\/wp-json\/wp\/v2\/media?parent=212"}],"curies":[{"name":"wp","href":"https:\/\/api.w.org\/{rel}","templated":true}]}}